{"id":105,"date":"2017-01-28T16:07:22","date_gmt":"2017-01-28T16:07:22","guid":{"rendered":"http:\/\/www.t16invest.se\/?page_id=105"},"modified":"2018-03-08T14:35:17","modified_gmt":"2018-03-08T14:35:17","slug":"digitalt-dorroga","status":"publish","type":"page","link":"https:\/\/www.t16invest.se\/?page_id=105","title":{"rendered":"D\u00f6rr\u00f6gat: Vem d\u00e4r"},"content":{"rendered":"<div dir=\"ltr\"><\/div>\n<div style=\"text-align: center;\">\n<div>\n<h4>Var r\u00e4dd om Er familj installera\u00a0 det digitala d\u00f6rr\u00f6gat<\/h4>\n<p><img decoding=\"async\" loading=\"lazy\" class=\"size-medium wp-image-232 aligncenter\" src=\"http:\/\/www.t16invest.se\/wp-content\/uploads\/2017\/01\/vem-1-300x200.jpg\" alt=\"\" width=\"300\" height=\"200\" srcset=\"https:\/\/www.t16invest.se\/wp-content\/uploads\/2017\/01\/vem-1-300x200.jpg 300w, https:\/\/www.t16invest.se\/wp-content\/uploads\/2017\/01\/vem-1-768x512.jpg 768w, https:\/\/www.t16invest.se\/wp-content\/uploads\/2017\/01\/vem-1-1024x682.jpg 1024w, https:\/\/www.t16invest.se\/wp-content\/uploads\/2017\/01\/vem-1.jpg 2000w\" sizes=\"(max-width: 300px) 100vw, 300px\" \/><\/p>\n<p>F\u00f6r mer\u00a0information och priser<\/p>\n<p>Kontakta<\/p>\n<p>Joakim \u00c5berg<\/p>\n<h2>070 512 45 46<\/h2>\n<p><img decoding=\"async\" loading=\"lazy\" class=\"alignnone size-medium wp-image-117\" src=\"http:\/\/www.t16invest.se\/wp-content\/uploads\/2017\/01\/VemDar_01B-300x300.jpg\" alt=\"\" width=\"300\" height=\"300\" srcset=\"https:\/\/www.t16invest.se\/wp-content\/uploads\/2017\/01\/VemDar_01B-300x300.jpg 300w, https:\/\/www.t16invest.se\/wp-content\/uploads\/2017\/01\/VemDar_01B-150x150.jpg 150w, https:\/\/www.t16invest.se\/wp-content\/uploads\/2017\/01\/VemDar_01B.jpg 591w\" sizes=\"(max-width: 300px) 100vw, 300px\" \/><img decoding=\"async\" loading=\"lazy\" class=\"alignnone size-medium wp-image-116\" src=\"http:\/\/www.t16invest.se\/wp-content\/uploads\/2017\/01\/VemDar_02B-300x300.jpg\" alt=\"\" width=\"300\" height=\"300\" srcset=\"https:\/\/www.t16invest.se\/wp-content\/uploads\/2017\/01\/VemDar_02B-300x300.jpg 300w, https:\/\/www.t16invest.se\/wp-content\/uploads\/2017\/01\/VemDar_02B-150x150.jpg 150w, https:\/\/www.t16invest.se\/wp-content\/uploads\/2017\/01\/VemDar_02B.jpg 591w\" sizes=\"(max-width: 300px) 100vw, 300px\" \/><\/p>\n<p>&nbsp;<\/p>\n<p><img decoding=\"async\" loading=\"lazy\" class=\"size-medium wp-image-89 alignright\" src=\"http:\/\/www.t16invest.se\/wp-content\/uploads\/2017\/01\/t_foretaget_grafik-188x300.gif\" alt=\"\" width=\"188\" height=\"300\" \/><\/p>\n<\/div>\n<p>&nbsp;<\/p>\n<\/div>\n","protected":false},"excerpt":{"rendered":"<p>Var r\u00e4dd om Er familj installera\u00a0 det digitala d\u00f6rr\u00f6gat F\u00f6r mer\u00a0information och priser Kontakta Joakim \u00c5berg 070 512 45 46 &nbsp; &nbsp;<\/p>\n","protected":false},"author":2,"featured_media":0,"parent":0,"menu_order":0,"comment_status":"closed","ping_status":"closed","template":"","meta":[],"_links":{"self":[{"href":"https:\/\/www.t16invest.se\/index.php?rest_route=\/wp\/v2\/pages\/105"}],"collection":[{"href":"https:\/\/www.t16invest.se\/index.php?rest_route=\/wp\/v2\/pages"}],"about":[{"href":"https:\/\/www.t16invest.se\/index.php?rest_route=\/wp\/v2\/types\/page"}],"author":[{"embeddable":true,"href":"https:\/\/www.t16invest.se\/index.php?rest_route=\/wp\/v2\/users\/2"}],"replies":[{"embeddable":true,"href":"https:\/\/www.t16invest.se\/index.php?rest_route=%2Fwp%2Fv2%2Fcomments&post=105"}],"version-history":[{"count":17,"href":"https:\/\/www.t16invest.se\/index.php?rest_route=\/wp\/v2\/pages\/105\/revisions"}],"predecessor-version":[{"id":415,"href":"https:\/\/www.t16invest.se\/index.php?rest_route=\/wp\/v2\/pages\/105\/revisions\/415"}],"wp:attachment":[{"href":"https:\/\/www.t16invest.se\/index.php?rest_route=%2Fwp%2Fv2%2Fmedia&parent=105"}],"curies":[{"name":"wp","href":"https:\/\/api.w.org\/{rel}","templated":true}]}}