{"id":12,"date":"2017-01-26T16:32:35","date_gmt":"2017-01-26T16:32:35","guid":{"rendered":"http:\/\/www.t16invest.se\/?page_id=12"},"modified":"2022-12-29T12:21:29","modified_gmt":"2022-12-29T12:21:29","slug":"kontakt","status":"publish","type":"page","link":"https:\/\/www.t16invest.se\/?page_id=12","title":{"rendered":"Kontakt"},"content":{"rendered":"<div>\n<div style=\"text-align: left;\"><b>Joakim \u00c5berg \/ VD \u00a0<\/b><\/div>\n<div style=\"text-align: left;\"><b>\u00a0\u00a0<\/b><\/div>\n<div style=\"text-align: left;\">\n<p><strong>Tel\u00a0+46 70 512 45 46\u00a0<\/strong><\/p>\n<p><a href=\"mailto:joakim.aberg@t16invest.se\">joakim.aberg@t16invest.se<\/a><\/p>\n<\/div>\n<\/div>\n<div style=\"text-align: left;\"><b><span style=\"font-family: 'trebuchet ms', sans-serif; font-size: medium;\">Kontor\/Bes\u00f6ksadress:<\/span><\/b><\/div>\n<div style=\"text-align: left;\"><span style=\"font-family: 'trebuchet ms', sans-serif; font-size: medium;\"><b style=\"font-family: 'trebuchet ms', sans-serif; font-size: medium;\">T16 <\/b><span style=\"font-family: trebuchet ms, sans-serif; font-size: medium;\"><b>Invest<\/b><\/span><b style=\"font-family: 'trebuchet ms', sans-serif; font-size: medium;\">\u00a0AB<\/b><\/span><\/div>\n<div style=\"text-align: left;\"><span style=\"font-family: 'trebuchet ms', sans-serif; font-size: medium;\"><b>B\u00e5tplatsv\u00e4gen 1<\/b><\/span><span style=\"font-family: 'trebuchet ms', sans-serif; font-size: medium;\"><b><br \/>\n<\/b><\/span><\/div>\n<div style=\"text-align: left;\"><span style=\"font-family: 'trebuchet ms', sans-serif; font-size: medium;\"><b>832 54 Fr\u00f6s\u00f6n<\/b><\/span><\/div>\n<div style=\"text-align: left;\"><\/div>\n<div style=\"text-align: left;\"><span style=\"font-family: 'trebuchet ms', sans-serif; font-size: medium;\"><b>Bankgiro 5151-2648<\/b><\/span><\/div>\n<div style=\"text-align: left;\"><strong>Org nr 559077-3403<\/strong><\/div>\n<div>\n<div>*************************************************<\/div>\n<div style=\"text-align: left;\"><span style=\"font-family: 'trebuchet ms', sans-serif; font-size: medium;\"><b style=\"font-family: 'trebuchet ms', sans-serif; font-size: medium;\">Verksmogrillen AB<\/b><\/span><\/div>\n<div style=\"text-align: left;\"><span style=\"font-family: 'trebuchet ms', sans-serif; font-size: medium;\"><b>St\u00f6rv\u00e4gen 20<\/b><\/span><span style=\"font-family: 'trebuchet ms', sans-serif; font-size: medium;\"><b><br \/>\n<\/b><\/span><\/div>\n<div style=\"text-align: left;\"><span style=\"font-family: 'trebuchet ms', sans-serif; font-size: medium;\"><b>831 77 \u00d6stersund <\/b><\/span><\/div>\n<div style=\"text-align: left;\"><\/div>\n<div style=\"text-align: left;\"><span style=\"font-family: 'trebuchet ms', sans-serif; font-size: medium;\"><b>Bankgiro 5411-8781<\/b><\/span><\/div>\n<div style=\"text-align: left;\"><strong>Org nr 559255-8786<\/strong><\/div>\n<\/div>\n<div><\/div>\n<div>info@verksmogrillen.se<\/div>\n<div><\/div>\n<div style=\"text-align: left;\">\n<hr \/>\n<\/div>\n<div style=\"text-align: left;\"><\/div>\n<div style=\"text-align: left;\"><\/div>\n<div style=\"text-align: left;\">Klicka p\u00e5 karta f\u00f6r v\u00e4gbeskrivning<\/div>\n<div style=\"text-align: left;\">\n<hr \/>\n<\/div>\n<div style=\"text-align: left;\"><\/div>\n<div style=\"text-align: left;\"><\/div>\n","protected":false},"excerpt":{"rendered":"<p>Joakim \u00c5berg \/ VD \u00a0 \u00a0\u00a0 Tel\u00a0+46 70 512 45 46\u00a0 joakim.aberg@t16invest.se Kontor\/Bes\u00f6ksadress: T16 Invest\u00a0AB B\u00e5tplatsv\u00e4gen 1 832 54 Fr\u00f6s\u00f6n Bankgiro 5151-2648 Org nr 559077-3403 ************************************************* Verksmogrillen AB St\u00f6rv\u00e4gen 20 831 77 \u00d6stersund Bankgiro 5411-8781 Org nr 559255-8786 info@verksmogrillen.se Klicka p\u00e5 karta f\u00f6r v\u00e4gbeskrivning<\/p>\n","protected":false},"author":2,"featured_media":0,"parent":0,"menu_order":0,"comment_status":"closed","ping_status":"closed","template":"","meta":[],"_links":{"self":[{"href":"https:\/\/www.t16invest.se\/index.php?rest_route=\/wp\/v2\/pages\/12"}],"collection":[{"href":"https:\/\/www.t16invest.se\/index.php?rest_route=\/wp\/v2\/pages"}],"about":[{"href":"https:\/\/www.t16invest.se\/index.php?rest_route=\/wp\/v2\/types\/page"}],"author":[{"embeddable":true,"href":"https:\/\/www.t16invest.se\/index.php?rest_route=\/wp\/v2\/users\/2"}],"replies":[{"embeddable":true,"href":"https:\/\/www.t16invest.se\/index.php?rest_route=%2Fwp%2Fv2%2Fcomments&post=12"}],"version-history":[{"count":42,"href":"https:\/\/www.t16invest.se\/index.php?rest_route=\/wp\/v2\/pages\/12\/revisions"}],"predecessor-version":[{"id":548,"href":"https:\/\/www.t16invest.se\/index.php?rest_route=\/wp\/v2\/pages\/12\/revisions\/548"}],"wp:attachment":[{"href":"https:\/\/www.t16invest.se\/index.php?rest_route=%2Fwp%2Fv2%2Fmedia&parent=12"}],"curies":[{"name":"wp","href":"https:\/\/api.w.org\/{rel}","templated":true}]}}