{"id":26,"date":"2017-01-26T17:49:58","date_gmt":"2017-01-26T17:49:58","guid":{"rendered":"http:\/\/www.t16invest.se\/?page_id=26"},"modified":"2022-12-29T12:18:18","modified_gmt":"2022-12-29T12:18:18","slug":"foretaget","status":"publish","type":"page","link":"https:\/\/www.t16invest.se\/?page_id=26","title":{"rendered":"F\u00f6retaget"},"content":{"rendered":"<p><img decoding=\"async\" loading=\"lazy\" class=\"alignnone size-full wp-image-241\" src=\"http:\/\/www.t16invest.se\/wp-content\/uploads\/2017\/01\/jamtflagga.jpg\" alt=\"\" width=\"123\" height=\"90\" \/><\/p>\n<p><strong>Vi \u00e4r ett j\u00e4mtl\u00e4ndsk fastighets och\u00a0investmentbolag\u00a0som varit verksam sedan \u00e5r 2006. \u00a0\u00a0Som st\u00e4ndigt jobbar med att \u00a0hitta nya projekt och att v\u00e5ra hyresg\u00e4ster samt kunder skall vara 100% n\u00f6jda med oss.<\/strong><\/p>\n<p><strong> V\u00e4nliga H\u00e4lsningar\u00a0<\/strong><\/p>\n<p><strong>Joakim \u00c5berg \/VD\u00a0<\/strong><\/p>\n<p><img decoding=\"async\" loading=\"lazy\" class=\"alignnone wp-image-222\" src=\"http:\/\/www.t16invest.se\/wp-content\/uploads\/2017\/01\/jocke-frosobro-300x82.jpg\" alt=\"\" width=\"388\" height=\"106\" srcset=\"https:\/\/www.t16invest.se\/wp-content\/uploads\/2017\/01\/jocke-frosobro-300x82.jpg 300w, https:\/\/www.t16invest.se\/wp-content\/uploads\/2017\/01\/jocke-frosobro-768x211.jpg 768w, https:\/\/www.t16invest.se\/wp-content\/uploads\/2017\/01\/jocke-frosobro-1024x281.jpg 1024w, https:\/\/www.t16invest.se\/wp-content\/uploads\/2017\/01\/jocke-frosobro.jpg 1200w\" sizes=\"(max-width: 388px) 100vw, 388px\" \/><\/p>\n<p><strong><img decoding=\"async\" loading=\"lazy\" class=\"alignnone wp-image-103\" src=\"http:\/\/www.t16invest.se\/wp-content\/uploads\/2016\/11\/T16-INVEST-AB_horizontal_RGB_DIGI-300x56.jpg\" alt=\"\" width=\"278\" height=\"52\" srcset=\"https:\/\/www.t16invest.se\/wp-content\/uploads\/2016\/11\/T16-INVEST-AB_horizontal_RGB_DIGI-300x56.jpg 300w, https:\/\/www.t16invest.se\/wp-content\/uploads\/2016\/11\/T16-INVEST-AB_horizontal_RGB_DIGI-768x144.jpg 768w, https:\/\/www.t16invest.se\/wp-content\/uploads\/2016\/11\/T16-INVEST-AB_horizontal_RGB_DIGI-1024x193.jpg 1024w\" sizes=\"(max-width: 278px) 100vw, 278px\" \/><\/strong><\/p>\n<hr \/>\n<p><strong>Historia:<\/strong><\/p>\n<ul>\n<li><b>2006 Tegelplan AB och Moa i \u00d6stersund AB startades. f\u00f6rv\u00e4rvade<\/b><b>\u00a0flertalet G:a nerlagda Konsumbutiker i l\u00e4net.<\/b><\/li>\n<li><b>2009-2011 F\u00f6rs\u00e4ljning av fastigheter\u00a0<\/b><\/li>\n<li><b>\u00a02013 Fusion \u00a0Moa i\u00a0\u00d6stersund\u00a0-Tegelplan AB <\/b><\/li>\n<li><b>2016 T16 Invest AB bildades<\/b><\/li>\n<li><b>2017 F\u00f6rs\u00e4ljning av Tegelplan AB\u00a0<\/b><\/li>\n<li><strong>2018-2020 F\u00f6rv\u00e4rv , Planering och utveckling av industritomter i Verksmon\/Torvalla<\/strong><\/li>\n<li><strong>2020-\u00a0 Bedriver och del\u00e4gare i Verksmogrillen AB<\/strong><\/li>\n<\/ul>\n","protected":false},"excerpt":{"rendered":"<p>Vi \u00e4r ett j\u00e4mtl\u00e4ndsk fastighets och\u00a0investmentbolag\u00a0som varit verksam sedan \u00e5r 2006. \u00a0\u00a0Som st\u00e4ndigt jobbar med att \u00a0hitta nya projekt och att v\u00e5ra hyresg\u00e4ster samt kunder skall vara 100% n\u00f6jda med oss. V\u00e4nliga H\u00e4lsningar\u00a0 Joakim \u00c5berg \/VD\u00a0 Historia: 2006 Tegelplan AB och Moa i \u00d6stersund AB startades. f\u00f6rv\u00e4rvade\u00a0flertalet G:a nerlagda Konsumbutiker i l\u00e4net. 2009-2011 F\u00f6rs\u00e4ljning av &hellip; <a href=\"https:\/\/www.t16invest.se\/?page_id=26\" class=\"more-link\">Forts\u00e4tt l\u00e4sa <span class=\"screen-reader-text\">F\u00f6retaget<\/span> <span class=\"meta-nav\">&rarr;<\/span><\/a><\/p>\n","protected":false},"author":2,"featured_media":0,"parent":0,"menu_order":0,"comment_status":"closed","ping_status":"closed","template":"","meta":[],"_links":{"self":[{"href":"https:\/\/www.t16invest.se\/index.php?rest_route=\/wp\/v2\/pages\/26"}],"collection":[{"href":"https:\/\/www.t16invest.se\/index.php?rest_route=\/wp\/v2\/pages"}],"about":[{"href":"https:\/\/www.t16invest.se\/index.php?rest_route=\/wp\/v2\/types\/page"}],"author":[{"embeddable":true,"href":"https:\/\/www.t16invest.se\/index.php?rest_route=\/wp\/v2\/users\/2"}],"replies":[{"embeddable":true,"href":"https:\/\/www.t16invest.se\/index.php?rest_route=%2Fwp%2Fv2%2Fcomments&post=26"}],"version-history":[{"count":26,"href":"https:\/\/www.t16invest.se\/index.php?rest_route=\/wp\/v2\/pages\/26\/revisions"}],"predecessor-version":[{"id":546,"href":"https:\/\/www.t16invest.se\/index.php?rest_route=\/wp\/v2\/pages\/26\/revisions\/546"}],"wp:attachment":[{"href":"https:\/\/www.t16invest.se\/index.php?rest_route=%2Fwp%2Fv2%2Fmedia&parent=26"}],"curies":[{"name":"wp","href":"https:\/\/api.w.org\/{rel}","templated":true}]}}