{"id":42,"date":"2017-01-26T18:02:21","date_gmt":"2017-01-26T18:02:21","guid":{"rendered":"http:\/\/www.t16invest.se\/?page_id=42"},"modified":"2022-12-29T13:01:46","modified_gmt":"2022-12-29T13:01:46","slug":"bilder","status":"publish","type":"page","link":"https:\/\/www.t16invest.se\/?page_id=42","title":{"rendered":"Bilder"},"content":{"rendered":"<p><b>Avverkning, schaktning och\u00a0 Planering samt nybyggnation av ny restaurang (Verksmogrillen )<\/b><\/p>\n<p><b>\u00a0Industritomt &#8221;Kolarkojan 4&#8221; i Verksmon\/Torvalla V\u00e5ren 2020<\/b><\/p>\n<p><img decoding=\"async\" loading=\"lazy\" class=\"alignnone size-medium wp-image-533\" src=\"http:\/\/www.t16invest.se\/wp-content\/uploads\/2020\/01\/tomt-300x225.jpg\" alt=\"\" width=\"300\" height=\"225\" srcset=\"https:\/\/www.t16invest.se\/wp-content\/uploads\/2020\/01\/tomt-300x225.jpg 300w, https:\/\/www.t16invest.se\/wp-content\/uploads\/2020\/01\/tomt.jpg 640w\" sizes=\"(max-width: 300px) 100vw, 300px\" \/><\/p>\n<p><img decoding=\"async\" loading=\"lazy\" class=\"alignnone size-medium wp-image-530\" src=\"http:\/\/www.t16invest.se\/wp-content\/uploads\/2020\/01\/grillen-utsida-300x225.jpg\" alt=\"\" width=\"300\" height=\"225\" srcset=\"https:\/\/www.t16invest.se\/wp-content\/uploads\/2020\/01\/grillen-utsida-300x225.jpg 300w, https:\/\/www.t16invest.se\/wp-content\/uploads\/2020\/01\/grillen-utsida.jpg 640w\" sizes=\"(max-width: 300px) 100vw, 300px\" \/><\/p>\n<p><img decoding=\"async\" loading=\"lazy\" class=\"alignnone size-medium wp-image-529\" src=\"http:\/\/www.t16invest.se\/wp-content\/uploads\/2020\/01\/gavel-300x225.jpg\" alt=\"\" width=\"300\" height=\"225\" srcset=\"https:\/\/www.t16invest.se\/wp-content\/uploads\/2020\/01\/gavel-300x225.jpg 300w, https:\/\/www.t16invest.se\/wp-content\/uploads\/2020\/01\/gavel.jpg 640w\" sizes=\"(max-width: 300px) 100vw, 300px\" \/><\/p>\n<p><img decoding=\"async\" loading=\"lazy\" class=\"alignnone size-medium wp-image-531\" src=\"http:\/\/www.t16invest.se\/wp-content\/uploads\/2020\/01\/insida-300x225.jpg\" alt=\"\" width=\"300\" height=\"225\" srcset=\"https:\/\/www.t16invest.se\/wp-content\/uploads\/2020\/01\/insida-300x225.jpg 300w, https:\/\/www.t16invest.se\/wp-content\/uploads\/2020\/01\/insida.jpg 640w\" sizes=\"(max-width: 300px) 100vw, 300px\" \/><\/p>\n<p><img decoding=\"async\" loading=\"lazy\" class=\"alignnone size-medium wp-image-532\" src=\"http:\/\/www.t16invest.se\/wp-content\/uploads\/2020\/01\/resning-300x225.jpg\" alt=\"\" width=\"300\" height=\"225\" srcset=\"https:\/\/www.t16invest.se\/wp-content\/uploads\/2020\/01\/resning-300x225.jpg 300w, https:\/\/www.t16invest.se\/wp-content\/uploads\/2020\/01\/resning.jpg 640w\" sizes=\"(max-width: 300px) 100vw, 300px\" \/><\/p>\n<p><img decoding=\"async\" loading=\"lazy\" class=\"alignnone size-medium wp-image-534\" src=\"http:\/\/www.t16invest.se\/wp-content\/uploads\/2020\/01\/utsida-2-300x225.jpg\" alt=\"\" width=\"300\" height=\"225\" srcset=\"https:\/\/www.t16invest.se\/wp-content\/uploads\/2020\/01\/utsida-2-300x225.jpg 300w, https:\/\/www.t16invest.se\/wp-content\/uploads\/2020\/01\/utsida-2.jpg 640w\" sizes=\"(max-width: 300px) 100vw, 300px\" \/><\/p>\n<p><img decoding=\"async\" loading=\"lazy\" class=\"alignnone size-medium wp-image-554\" src=\"http:\/\/www.t16invest.se\/wp-content\/uploads\/2022\/12\/bild-grill-300x151.jpg\" alt=\"\" width=\"300\" height=\"151\" srcset=\"https:\/\/www.t16invest.se\/wp-content\/uploads\/2022\/12\/bild-grill-300x151.jpg 300w, https:\/\/www.t16invest.se\/wp-content\/uploads\/2022\/12\/bild-grill-1024x514.jpg 1024w, https:\/\/www.t16invest.se\/wp-content\/uploads\/2022\/12\/bild-grill-768x386.jpg 768w, https:\/\/www.t16invest.se\/wp-content\/uploads\/2022\/12\/bild-grill-1536x771.jpg 1536w, https:\/\/www.t16invest.se\/wp-content\/uploads\/2022\/12\/bild-grill.jpg 1609w\" sizes=\"(max-width: 300px) 100vw, 300px\" \/><\/p>\n<p><strong>Utbyggnad av fastigheten &#8221;klyvs\u00e5gen 3&#8221; V\u00e5ren 2018<\/strong><\/p>\n<p><img decoding=\"async\" loading=\"lazy\" class=\"size-medium wp-image-457 alignleft\" src=\"http:\/\/www.t16invest.se\/wp-content\/uploads\/2018\/06\/IMG_8758-300x225.jpg\" alt=\"\" width=\"300\" height=\"225\" srcset=\"https:\/\/www.t16invest.se\/wp-content\/uploads\/2018\/06\/IMG_8758-300x225.jpg 300w, https:\/\/www.t16invest.se\/wp-content\/uploads\/2018\/06\/IMG_8758.jpg 640w\" sizes=\"(max-width: 300px) 100vw, 300px\" \/> <img decoding=\"async\" loading=\"lazy\" class=\"size-medium wp-image-458 alignleft\" src=\"http:\/\/www.t16invest.se\/wp-content\/uploads\/2018\/06\/IMG_8759-300x225.jpg\" alt=\"\" width=\"300\" height=\"225\" srcset=\"https:\/\/www.t16invest.se\/wp-content\/uploads\/2018\/06\/IMG_8759-300x225.jpg 300w, https:\/\/www.t16invest.se\/wp-content\/uploads\/2018\/06\/IMG_8759.jpg 640w\" sizes=\"(max-width: 300px) 100vw, 300px\" \/> <img decoding=\"async\" loading=\"lazy\" class=\"size-medium wp-image-460 alignleft\" src=\"http:\/\/www.t16invest.se\/wp-content\/uploads\/2018\/06\/IMG_9153-300x225.jpg\" alt=\"\" width=\"300\" height=\"225\" srcset=\"https:\/\/www.t16invest.se\/wp-content\/uploads\/2018\/06\/IMG_9153-300x225.jpg 300w, https:\/\/www.t16invest.se\/wp-content\/uploads\/2018\/06\/IMG_9153.jpg 640w\" sizes=\"(max-width: 300px) 100vw, 300px\" \/> <img decoding=\"async\" loading=\"lazy\" class=\"alignnone size-medium wp-image-461\" src=\"http:\/\/www.t16invest.se\/wp-content\/uploads\/2018\/06\/IMG_9184-300x225.jpg\" alt=\"\" width=\"300\" height=\"225\" srcset=\"https:\/\/www.t16invest.se\/wp-content\/uploads\/2018\/06\/IMG_9184-300x225.jpg 300w, https:\/\/www.t16invest.se\/wp-content\/uploads\/2018\/06\/IMG_9184.jpg 640w\" sizes=\"(max-width: 300px) 100vw, 300px\" \/><\/p>\n<hr \/>\n<p><strong>Lyft av G.a Krokoms golfklubb H\u00f6sten 2017<\/strong><\/p>\n<p><img decoding=\"async\" loading=\"lazy\" class=\"alignnone size-medium wp-image-362\" src=\"http:\/\/www.t16invest.se\/wp-content\/uploads\/2017\/01\/golf-300x225.jpg\" alt=\"\" width=\"300\" height=\"225\" \/><\/p>\n<hr \/>\n<p><strong>Flytt av hus fr\u00e5n\u00a0Lugnvik till Verksmon v\u00e5ren 2017<\/strong><img decoding=\"async\" loading=\"lazy\" class=\"size-medium wp-image-364 alignleft\" src=\"http:\/\/www.t16invest.se\/wp-content\/uploads\/2017\/01\/flytt1-300x141.jpg\" alt=\"\" width=\"300\" height=\"141\" srcset=\"https:\/\/www.t16invest.se\/wp-content\/uploads\/2017\/01\/flytt1-300x141.jpg 300w, https:\/\/www.t16invest.se\/wp-content\/uploads\/2017\/01\/flytt1.jpg 640w\" sizes=\"(max-width: 300px) 100vw, 300px\" \/><\/p>\n<p><img decoding=\"async\" loading=\"lazy\" class=\"wp-image-360 alignleft\" src=\"http:\/\/www.t16invest.se\/wp-content\/uploads\/2017\/01\/storsjoen-300x225.jpg\" alt=\"\" width=\"304\" height=\"228\" srcset=\"https:\/\/www.t16invest.se\/wp-content\/uploads\/2017\/01\/storsjoen-300x225.jpg 300w, https:\/\/www.t16invest.se\/wp-content\/uploads\/2017\/01\/storsjoen.jpg 640w\" sizes=\"(max-width: 304px) 100vw, 304px\" \/>\u00a0<img decoding=\"async\" loading=\"lazy\" class=\"alignnone size-medium wp-image-361\" src=\"http:\/\/www.t16invest.se\/wp-content\/uploads\/2017\/01\/lyft3-300x225.jpg\" alt=\"\" width=\"300\" height=\"225\" srcset=\"https:\/\/www.t16invest.se\/wp-content\/uploads\/2017\/01\/lyft3-300x225.jpg 300w, https:\/\/www.t16invest.se\/wp-content\/uploads\/2017\/01\/lyft3.jpg 640w\" sizes=\"(max-width: 300px) 100vw, 300px\" \/> <img decoding=\"async\" loading=\"lazy\" class=\"size-medium wp-image-363 alignleft\" src=\"http:\/\/www.t16invest.se\/wp-content\/uploads\/2017\/01\/j\u00e4rnv-300x225.jpg\" alt=\"\" width=\"300\" height=\"225\" srcset=\"https:\/\/www.t16invest.se\/wp-content\/uploads\/2017\/01\/j\u00e4rnv-300x225.jpg 300w, https:\/\/www.t16invest.se\/wp-content\/uploads\/2017\/01\/j\u00e4rnv.jpg 640w\" sizes=\"(max-width: 300px) 100vw, 300px\" \/><\/p>\n<p><img decoding=\"async\" loading=\"lazy\" class=\"alignnone size-medium wp-image-478\" src=\"http:\/\/www.t16invest.se\/wp-content\/uploads\/2018\/08\/front-verksmon-300x232.jpg\" alt=\"\" width=\"300\" height=\"232\" srcset=\"https:\/\/www.t16invest.se\/wp-content\/uploads\/2018\/08\/front-verksmon-300x232.jpg 300w, https:\/\/www.t16invest.se\/wp-content\/uploads\/2018\/08\/front-verksmon.jpg 621w\" sizes=\"(max-width: 300px) 100vw, 300px\" \/><\/p>\n<p><img decoding=\"async\" loading=\"lazy\" class=\"alignnone size-medium wp-image-479\" src=\"http:\/\/www.t16invest.se\/wp-content\/uploads\/2018\/08\/blomma-300x225.jpg\" alt=\"\" width=\"300\" height=\"225\" srcset=\"https:\/\/www.t16invest.se\/wp-content\/uploads\/2018\/08\/blomma-300x225.jpg 300w, https:\/\/www.t16invest.se\/wp-content\/uploads\/2018\/08\/blomma.jpg 640w\" sizes=\"(max-width: 300px) 100vw, 300px\" \/><\/p>\n<hr \/>\n<p>Badhusparken 2016<br \/>\n<img decoding=\"async\" loading=\"lazy\" class=\"alignnone size-medium wp-image-15\" src=\"http:\/\/www.t16invest.se\/wp-content\/uploads\/2017\/01\/vy-300x200.jpg\" alt=\"\" width=\"300\" height=\"200\" srcset=\"https:\/\/www.t16invest.se\/wp-content\/uploads\/2017\/01\/vy-300x200.jpg 300w, https:\/\/www.t16invest.se\/wp-content\/uploads\/2017\/01\/vy-768x512.jpg 768w, https:\/\/www.t16invest.se\/wp-content\/uploads\/2017\/01\/vy-1024x683.jpg 1024w, https:\/\/www.t16invest.se\/wp-content\/uploads\/2017\/01\/vy-1200x800.jpg 1200w\" sizes=\"(max-width: 300px) 100vw, 300px\" \/><\/p>\n<p><img decoding=\"async\" loading=\"lazy\" class=\"alignnone size-medium wp-image-140\" src=\"http:\/\/www.t16invest.se\/wp-content\/uploads\/2017\/01\/IMG_3062-300x200.jpg\" alt=\"\" width=\"300\" height=\"200\" srcset=\"https:\/\/www.t16invest.se\/wp-content\/uploads\/2017\/01\/IMG_3062-300x200.jpg 300w, https:\/\/www.t16invest.se\/wp-content\/uploads\/2017\/01\/IMG_3062-768x512.jpg 768w, https:\/\/www.t16invest.se\/wp-content\/uploads\/2017\/01\/IMG_3062-1024x683.jpg 1024w\" sizes=\"(max-width: 300px) 100vw, 300px\" \/><\/p>\n<hr \/>\n","protected":false},"excerpt":{"rendered":"<p>Avverkning, schaktning och\u00a0 Planering samt nybyggnation av ny restaurang (Verksmogrillen ) \u00a0Industritomt &#8221;Kolarkojan 4&#8221; i Verksmon\/Torvalla V\u00e5ren 2020 Utbyggnad av fastigheten &#8221;klyvs\u00e5gen 3&#8221; V\u00e5ren 2018 Lyft av G.a Krokoms golfklubb H\u00f6sten 2017 Flytt av hus fr\u00e5n\u00a0Lugnvik till Verksmon v\u00e5ren 2017 \u00a0 Badhusparken 2016<\/p>\n","protected":false},"author":2,"featured_media":0,"parent":0,"menu_order":0,"comment_status":"closed","ping_status":"closed","template":"","meta":[],"_links":{"self":[{"href":"https:\/\/www.t16invest.se\/index.php?rest_route=\/wp\/v2\/pages\/42"}],"collection":[{"href":"https:\/\/www.t16invest.se\/index.php?rest_route=\/wp\/v2\/pages"}],"about":[{"href":"https:\/\/www.t16invest.se\/index.php?rest_route=\/wp\/v2\/types\/page"}],"author":[{"embeddable":true,"href":"https:\/\/www.t16invest.se\/index.php?rest_route=\/wp\/v2\/users\/2"}],"replies":[{"embeddable":true,"href":"https:\/\/www.t16invest.se\/index.php?rest_route=%2Fwp%2Fv2%2Fcomments&post=42"}],"version-history":[{"count":15,"href":"https:\/\/www.t16invest.se\/index.php?rest_route=\/wp\/v2\/pages\/42\/revisions"}],"predecessor-version":[{"id":555,"href":"https:\/\/www.t16invest.se\/index.php?rest_route=\/wp\/v2\/pages\/42\/revisions\/555"}],"wp:attachment":[{"href":"https:\/\/www.t16invest.se\/index.php?rest_route=%2Fwp%2Fv2%2Fmedia&parent=42"}],"curies":[{"name":"wp","href":"https:\/\/api.w.org\/{rel}","templated":true}]}}