{"id":67,"date":"2017-01-26T18:48:56","date_gmt":"2017-01-26T18:48:56","guid":{"rendered":"http:\/\/www.t16invest.se\/?page_id=67"},"modified":"2022-12-29T12:52:47","modified_gmt":"2022-12-29T12:52:47","slug":"fastigheter","status":"publish","type":"page","link":"https:\/\/www.t16invest.se\/?page_id=67","title":{"rendered":"Fastigheter"},"content":{"rendered":"<p><strong>Fastighetsbeteckning:<\/strong><strong>\u00a0Klyvs\u00e5gen 3<\/strong><br \/>\n<strong>Adress: Kolarev\u00e4gen 3\u00a0 \u00a0\u00a0<\/strong><strong>831 72 \u00d6stersund<\/strong><\/p>\n<p><img decoding=\"async\" loading=\"lazy\" class=\"alignnone size-medium wp-image-496\" src=\"http:\/\/www.t16invest.se\/wp-content\/uploads\/2019\/02\/bild-kontor-2-300x183.jpg\" alt=\"\" width=\"300\" height=\"183\" srcset=\"https:\/\/www.t16invest.se\/wp-content\/uploads\/2019\/02\/bild-kontor-2-300x183.jpg 300w, https:\/\/www.t16invest.se\/wp-content\/uploads\/2019\/02\/bild-kontor-2-768x469.jpg 768w, https:\/\/www.t16invest.se\/wp-content\/uploads\/2019\/02\/bild-kontor-2.jpg 1002w\" sizes=\"(max-width: 300px) 100vw, 300px\" \/><\/p>\n<hr \/>\n<p><img decoding=\"async\" loading=\"lazy\" class=\"alignnone wp-image-442\" src=\"http:\/\/www.t16invest.se\/wp-content\/uploads\/2018\/06\/IMG_9794-300x225.jpg\" alt=\"\" width=\"299\" height=\"224\" srcset=\"https:\/\/www.t16invest.se\/wp-content\/uploads\/2018\/06\/IMG_9794-300x225.jpg 300w, https:\/\/www.t16invest.se\/wp-content\/uploads\/2018\/06\/IMG_9794.jpg 640w\" sizes=\"(max-width: 299px) 100vw, 299px\" \/><\/p>\n<p><strong>Hyresg\u00e4ster: H\u00e4rjedalsk\u00f6k AB\u00a0 \u00a0<\/strong><\/p>\n<hr \/>\n<p><strong>Fastighetsbeteckning:<\/strong><strong>\u00a0Virkesm\u00e4taren 4<\/strong><br \/>\n<strong>Adress: St\u00f6rv\u00e4gen 1\u00a0 \u00a0 \u00a0<\/strong><strong>831 77 \u00d6stersund<\/strong><\/p>\n<p><img decoding=\"async\" loading=\"lazy\" class=\"alignnone size-medium wp-image-406\" src=\"http:\/\/www.t16invest.se\/wp-content\/uploads\/2018\/03\/verksmon-kontor-web-300x182.jpg\" alt=\"\" width=\"300\" height=\"182\" srcset=\"https:\/\/www.t16invest.se\/wp-content\/uploads\/2018\/03\/verksmon-kontor-web-300x182.jpg 300w, https:\/\/www.t16invest.se\/wp-content\/uploads\/2018\/03\/verksmon-kontor-web.jpg 612w\" sizes=\"(max-width: 300px) 100vw, 300px\" \/><\/p>\n<p><img decoding=\"async\" loading=\"lazy\" class=\"alignnone size-medium wp-image-441\" src=\"http:\/\/www.t16invest.se\/wp-content\/uploads\/2018\/06\/IMG_9795-300x225.jpg\" alt=\"\" width=\"300\" height=\"225\" srcset=\"https:\/\/www.t16invest.se\/wp-content\/uploads\/2018\/06\/IMG_9795-300x225.jpg 300w, https:\/\/www.t16invest.se\/wp-content\/uploads\/2018\/06\/IMG_9795.jpg 640w\" sizes=\"(max-width: 300px) 100vw, 300px\" \/><\/p>\n<p><strong>Hyresg\u00e4st: Trafikverket F\u00f6rarprov<\/strong><\/p>\n<hr \/>\n<p><strong>Fastighetsbeteckning:<\/strong><strong>\u00a0Kolarkojan 4<\/strong><br \/>\n<strong>Adress:\u00a0 St\u00f6rv\u00e4gen 20\u00a0 \u00a0 \u00a0\u00a0<\/strong><strong>831 77 \u00d6stersund<\/strong><\/p>\n<p><img decoding=\"async\" loading=\"lazy\" class=\"alignnone wp-image-550 \" src=\"http:\/\/www.t16invest.se\/wp-content\/uploads\/2022\/12\/IMG_2592-300x225.jpg\" alt=\"\" width=\"302\" height=\"226\" srcset=\"https:\/\/www.t16invest.se\/wp-content\/uploads\/2022\/12\/IMG_2592-300x225.jpg 300w, https:\/\/www.t16invest.se\/wp-content\/uploads\/2022\/12\/IMG_2592-1024x768.jpg 1024w, https:\/\/www.t16invest.se\/wp-content\/uploads\/2022\/12\/IMG_2592-768x576.jpg 768w, https:\/\/www.t16invest.se\/wp-content\/uploads\/2022\/12\/IMG_2592-1536x1152.jpg 1536w, https:\/\/www.t16invest.se\/wp-content\/uploads\/2022\/12\/IMG_2592.jpg 2016w\" sizes=\"(max-width: 302px) 100vw, 302px\" \/><\/p>\n<p><img decoding=\"async\" loading=\"lazy\" class=\"size-medium wp-image-89 alignright\" src=\"http:\/\/www.t16invest.se\/wp-content\/uploads\/2017\/01\/t_foretaget_grafik-188x300.gif\" alt=\"\" width=\"188\" height=\"300\" \/><\/p>\n","protected":false},"excerpt":{"rendered":"<p>Fastighetsbeteckning:\u00a0Klyvs\u00e5gen 3 Adress: Kolarev\u00e4gen 3\u00a0 \u00a0\u00a0831 72 \u00d6stersund Hyresg\u00e4ster: H\u00e4rjedalsk\u00f6k AB\u00a0 \u00a0 Fastighetsbeteckning:\u00a0Virkesm\u00e4taren 4 Adress: St\u00f6rv\u00e4gen 1\u00a0 \u00a0 \u00a0831 77 \u00d6stersund Hyresg\u00e4st: Trafikverket F\u00f6rarprov Fastighetsbeteckning:\u00a0Kolarkojan 4 Adress:\u00a0 St\u00f6rv\u00e4gen 20\u00a0 \u00a0 \u00a0\u00a0831 77 \u00d6stersund<\/p>\n","protected":false},"author":2,"featured_media":0,"parent":0,"menu_order":0,"comment_status":"closed","ping_status":"closed","template":"","meta":[],"_links":{"self":[{"href":"https:\/\/www.t16invest.se\/index.php?rest_route=\/wp\/v2\/pages\/67"}],"collection":[{"href":"https:\/\/www.t16invest.se\/index.php?rest_route=\/wp\/v2\/pages"}],"about":[{"href":"https:\/\/www.t16invest.se\/index.php?rest_route=\/wp\/v2\/types\/page"}],"author":[{"embeddable":true,"href":"https:\/\/www.t16invest.se\/index.php?rest_route=\/wp\/v2\/users\/2"}],"replies":[{"embeddable":true,"href":"https:\/\/www.t16invest.se\/index.php?rest_route=%2Fwp%2Fv2%2Fcomments&post=67"}],"version-history":[{"count":33,"href":"https:\/\/www.t16invest.se\/index.php?rest_route=\/wp\/v2\/pages\/67\/revisions"}],"predecessor-version":[{"id":551,"href":"https:\/\/www.t16invest.se\/index.php?rest_route=\/wp\/v2\/pages\/67\/revisions\/551"}],"wp:attachment":[{"href":"https:\/\/www.t16invest.se\/index.php?rest_route=%2Fwp%2Fv2%2Fmedia&parent=67"}],"curies":[{"name":"wp","href":"https:\/\/api.w.org\/{rel}","templated":true}]}}