{"id":75,"date":"2017-01-26T18:59:32","date_gmt":"2017-01-26T18:59:32","guid":{"rendered":"http:\/\/www.t16invest.se\/?page_id=75"},"modified":"2018-08-28T18:19:58","modified_gmt":"2018-08-28T18:19:58","slug":"uthyrning","status":"publish","type":"page","link":"https:\/\/www.t16invest.se\/?page_id=75","title":{"rendered":"Tj\u00e4nster"},"content":{"rendered":"<p>Uthyrning:<\/p>\n<ul>\n<li>Kontor och Industrilokaler<\/li>\n<li>Container<\/li>\n<li>F\u00f6rr\u00e5d<\/li>\n<li>Uppst\u00e4llningsplats<\/li>\n<li>Byggnadsst\u00e4llning<\/li>\n<\/ul>\n<p>F\u00f6rs\u00e4ljning:<\/p>\n<ul>\n<li>Digitala D\u00f6rr\u00f6gat &#8221;vem D\u00e4r&#8221;<\/li>\n<li>Container 20 f<\/li>\n<\/ul>\n<p>Events:<\/p>\n<p><img decoding=\"async\" loading=\"lazy\" class=\"wp-image-349 alignright\" src=\"http:\/\/www.t16invest.se\/wp-content\/uploads\/2017\/01\/T16-EVENT-AB_vertical_RGB_DIGI_1-300x210.jpg\" alt=\"\" width=\"153\" height=\"107\" srcset=\"https:\/\/www.t16invest.se\/wp-content\/uploads\/2017\/01\/T16-EVENT-AB_vertical_RGB_DIGI_1-300x210.jpg 300w, https:\/\/www.t16invest.se\/wp-content\/uploads\/2017\/01\/T16-EVENT-AB_vertical_RGB_DIGI_1-768x536.jpg 768w, https:\/\/www.t16invest.se\/wp-content\/uploads\/2017\/01\/T16-EVENT-AB_vertical_RGB_DIGI_1-1024x715.jpg 1024w, https:\/\/www.t16invest.se\/wp-content\/uploads\/2017\/01\/T16-EVENT-AB_vertical_RGB_DIGI_1.jpg 1071w\" sizes=\"(max-width: 153px) 100vw, 153px\" \/><\/p>\n<ul>\n<li>Planering och genomf\u00f6rande av f\u00f6retagsfest\/Kick off inom \u00d6stersund med omnejd. (En faktura med specificerad kostnad per\/person)<\/li>\n<li>Ring eller mejla f\u00f6r mer information och priser<\/li>\n<\/ul>\n<p><a href=\"mailto:info@t16invest.se\">info@t16invest.se\u00a0<\/a><\/p>\n<p>070-512 45 46<\/p>\n","protected":false},"excerpt":{"rendered":"<p>Uthyrning: Kontor och Industrilokaler Container F\u00f6rr\u00e5d Uppst\u00e4llningsplats Byggnadsst\u00e4llning F\u00f6rs\u00e4ljning: Digitala D\u00f6rr\u00f6gat &#8221;vem D\u00e4r&#8221; Container 20 f Events: Planering och genomf\u00f6rande av f\u00f6retagsfest\/Kick off inom \u00d6stersund med omnejd. (En faktura med specificerad kostnad per\/person) Ring eller mejla f\u00f6r mer information och priser info@t16invest.se\u00a0 070-512 45 46<\/p>\n","protected":false},"author":2,"featured_media":0,"parent":0,"menu_order":0,"comment_status":"closed","ping_status":"closed","template":"","meta":[],"_links":{"self":[{"href":"https:\/\/www.t16invest.se\/index.php?rest_route=\/wp\/v2\/pages\/75"}],"collection":[{"href":"https:\/\/www.t16invest.se\/index.php?rest_route=\/wp\/v2\/pages"}],"about":[{"href":"https:\/\/www.t16invest.se\/index.php?rest_route=\/wp\/v2\/types\/page"}],"author":[{"embeddable":true,"href":"https:\/\/www.t16invest.se\/index.php?rest_route=\/wp\/v2\/users\/2"}],"replies":[{"embeddable":true,"href":"https:\/\/www.t16invest.se\/index.php?rest_route=%2Fwp%2Fv2%2Fcomments&post=75"}],"version-history":[{"count":15,"href":"https:\/\/www.t16invest.se\/index.php?rest_route=\/wp\/v2\/pages\/75\/revisions"}],"predecessor-version":[{"id":482,"href":"https:\/\/www.t16invest.se\/index.php?rest_route=\/wp\/v2\/pages\/75\/revisions\/482"}],"wp:attachment":[{"href":"https:\/\/www.t16invest.se\/index.php?rest_route=%2Fwp%2Fv2%2Fmedia&parent=75"}],"curies":[{"name":"wp","href":"https:\/\/api.w.org\/{rel}","templated":true}]}}