{"id":84,"date":"2017-01-26T19:19:14","date_gmt":"2017-01-26T19:19:14","guid":{"rendered":"http:\/\/www.t16invest.se\/?page_id=84"},"modified":"2018-10-09T17:24:23","modified_gmt":"2018-10-09T17:24:23","slug":"till-salu","status":"publish","type":"page","link":"https:\/\/www.t16invest.se\/?page_id=84","title":{"rendered":"Uthyres"},"content":{"rendered":"<p>&nbsp;<\/p>\n<h2 style=\"text-align: center;\"><strong>Nu har vi f\u00f6rv\u00e4rvat mer industrimark i\u00a0<\/strong><\/h2>\n<h2 style=\"text-align: center;\"><strong> Verksmon &#8211; Torvalla\u00a0 <\/strong><\/h2>\n<p style=\"text-align: center;\">\n<p style=\"text-align: center;\"><strong> \u00a05100\u00a0 m2 som kommer st\u00e4llas i ordning under v\u00e5ren 2019<\/strong><\/p>\n<p style=\"text-align: center;\"><strong> Intresserad av nya lokaler eller behov av lager f\u00f6rr\u00e5d eller annan verksamhet ring 070 512 45 46 f\u00f6r mer information\u00a0<\/strong><\/p>\n<p>&nbsp;<\/p>\n<p>**************************************************************************<\/p>\n<p style=\"text-align: center;\"><strong>Lagerlokal uthyres\u00a0centralt<\/strong><\/p>\n<p style=\"text-align: center;\"><strong>Centralt Varmlager 44 m2 med uppst\u00e4llningsplats 20 m2 i inh\u00e4gnat omr\u00e5de med \u00f6vervakning<\/strong><\/p>\n<p><img decoding=\"async\" loading=\"lazy\" class=\"size-medium wp-image-466 aligncenter\" src=\"http:\/\/www.t16invest.se\/wp-content\/uploads\/2018\/08\/lokal-insida2-300x225.jpg\" alt=\"\" width=\"300\" height=\"225\" srcset=\"https:\/\/www.t16invest.se\/wp-content\/uploads\/2018\/08\/lokal-insida2-300x225.jpg 300w, https:\/\/www.t16invest.se\/wp-content\/uploads\/2018\/08\/lokal-insida2.jpg 640w\" sizes=\"(max-width: 300px) 100vw, 300px\" \/><\/p>\n<h3 style=\"line-height: 1.09091;\"><img decoding=\"async\" loading=\"lazy\" class=\"size-medium wp-image-465 aligncenter\" src=\"http:\/\/www.t16invest.se\/wp-content\/uploads\/2018\/08\/lokal-insida-300x222.jpg\" alt=\"\" width=\"300\" height=\"222\" srcset=\"https:\/\/www.t16invest.se\/wp-content\/uploads\/2018\/08\/lokal-insida-300x222.jpg 300w, https:\/\/www.t16invest.se\/wp-content\/uploads\/2018\/08\/lokal-insida.jpg 634w\" sizes=\"(max-width: 300px) 100vw, 300px\" \/><\/h3>\n<p style=\"text-align: center;\"><strong>Garageport H\u00f6jd 3000mm bredd 2400mm<br \/>\nTakh\u00f6jd 3500mm<br \/>\nLokal m\u00e5tt 8\u00a0 x 5.8 m<br \/>\nAdress: Kolarv\u00e4gen 3 (mittemot Mio m\u00f6bler mfl.)<\/strong><\/p>\n<p><img decoding=\"async\" loading=\"lazy\" class=\"size-medium wp-image-467 aligncenter\" src=\"http:\/\/www.t16invest.se\/wp-content\/uploads\/2018\/08\/lokal-utsida-300x225.jpg\" alt=\"\" width=\"300\" height=\"225\" srcset=\"https:\/\/www.t16invest.se\/wp-content\/uploads\/2018\/08\/lokal-utsida-300x225.jpg 300w, https:\/\/www.t16invest.se\/wp-content\/uploads\/2018\/08\/lokal-utsida.jpg 640w\" sizes=\"(max-width: 300px) 100vw, 300px\" \/><\/p>\n<p>&nbsp;<\/p>\n<h3>\u00a0\u00a0<strong>Hyr container fr\u00e5n 800:- \/m\u00e5n exkl moms <\/strong><\/h3>\n<pre style=\"text-align: center;\"> <strong>(Inh\u00e4gnat och bevakat omr\u00e5de)\r\n <\/strong><strong>Centralt efter E14 Torvalla trafikplats\r\n <\/strong><strong>Ring f\u00f6r mer info<\/strong><strong>\u00a0<\/strong><strong>070-512 45 46<\/strong><\/pre>\n<p><img decoding=\"async\" loading=\"lazy\" class=\"size-full wp-image-275 aligncenter\" src=\"http:\/\/www.t16invest.se\/wp-content\/uploads\/2017\/01\/container.jpg\" alt=\"\" width=\"266\" height=\"190\" \/><\/p>\n<hr \/>\n<h3 style=\"text-align: center;\"><\/h3>\n","protected":false},"excerpt":{"rendered":"<p>&nbsp; Nu har vi f\u00f6rv\u00e4rvat mer industrimark i\u00a0 Verksmon &#8211; Torvalla\u00a0 \u00a05100\u00a0 m2 som kommer st\u00e4llas i ordning under v\u00e5ren 2019 Intresserad av nya lokaler eller behov av lager f\u00f6rr\u00e5d eller annan verksamhet ring 070 512 45 46 f\u00f6r mer information\u00a0 &nbsp; ************************************************************************** Lagerlokal uthyres\u00a0centralt Centralt Varmlager 44 m2 med uppst\u00e4llningsplats 20 m2 i inh\u00e4gnat &hellip; <a href=\"https:\/\/www.t16invest.se\/?page_id=84\" class=\"more-link\">Forts\u00e4tt l\u00e4sa <span class=\"screen-reader-text\">Uthyres<\/span> <span class=\"meta-nav\">&rarr;<\/span><\/a><\/p>\n","protected":false},"author":2,"featured_media":0,"parent":0,"menu_order":0,"comment_status":"closed","ping_status":"closed","template":"","meta":[],"_links":{"self":[{"href":"https:\/\/www.t16invest.se\/index.php?rest_route=\/wp\/v2\/pages\/84"}],"collection":[{"href":"https:\/\/www.t16invest.se\/index.php?rest_route=\/wp\/v2\/pages"}],"about":[{"href":"https:\/\/www.t16invest.se\/index.php?rest_route=\/wp\/v2\/types\/page"}],"author":[{"embeddable":true,"href":"https:\/\/www.t16invest.se\/index.php?rest_route=\/wp\/v2\/users\/2"}],"replies":[{"embeddable":true,"href":"https:\/\/www.t16invest.se\/index.php?rest_route=%2Fwp%2Fv2%2Fcomments&post=84"}],"version-history":[{"count":14,"href":"https:\/\/www.t16invest.se\/index.php?rest_route=\/wp\/v2\/pages\/84\/revisions"}],"predecessor-version":[{"id":491,"href":"https:\/\/www.t16invest.se\/index.php?rest_route=\/wp\/v2\/pages\/84\/revisions\/491"}],"wp:attachment":[{"href":"https:\/\/www.t16invest.se\/index.php?rest_route=%2Fwp%2Fv2%2Fmedia&parent=84"}],"curies":[{"name":"wp","href":"https:\/\/api.w.org\/{rel}","templated":true}]}}